{"id":9,"date":"2015-12-15T07:37:33","date_gmt":"2015-12-15T07:37:33","guid":{"rendered":"http:\/\/consulting.stylemixthemes.com\/demo\/?page_id=9"},"modified":"2018-09-12T17:59:25","modified_gmt":"2018-09-12T22:59:25","slug":"about-us","status":"publish","type":"page","link":"https:\/\/www.internationalhubseaportmanatee.com\/es\/about-us\/","title":{"rendered":"About us"},"content":{"rendered":"<div class=\"vc_row wpb_row vc_row-fluid vc_custom_1451991003825\"><div class=\"wpb_column vc_column_container vc_col-sm-12 vc_col-lg-9 vc_col-md-9\"><div class=\"vc_column-inner\"><div class=\"wpb_wrapper\">\n\t<div class=\"wpb_text_column wpb_content_element  vc_custom_1534527865347\" >\n\t\t<div class=\"wpb_wrapper\">\n\t\t\t<h3>Nuestra oferta<\/h3>\n<p>The International Trade Hub at SeaPort Manatee, founded in 2014, provides expert advice and support in assisting firms with production, distribution and development of innovative supply chain solutions.<\/p>\n<p>En el Hub, las nuevas empresas y empresarios internacionales, regionales y locales que desean establecer negocios futuros en el condado de Manatee, tienen acceso a las herramientas y la experiencia que necesitan para tener \u00e9xito.<\/p>\n\n\t\t<\/div>\n\t<\/div>\n\n\t<div class=\"wpb_text_column wpb_content_element  vc_custom_1462299537612\" >\n\t\t<div class=\"wpb_wrapper\">\n\t\t\t<blockquote><p>\nITH@PM contin\u00faa creciendo d\u00eda a d\u00eda gracias a la confianza que nuestros clientes tienen en nosotros. Cubrimos muchas industrias tales como financiera, energ\u00eda, servicios comerciales, productos de consumo.\n<\/p><\/blockquote>\n\n\t\t<\/div>\n\t<\/div>\n<div class=\"vc_row wpb_row vc_inner vc_row-fluid\"><div class=\"wpb_column vc_column_container vc_col-sm-12\"><div class=\"vc_column-inner\"><div class=\"wpb_wrapper\"><div class=\"vc_custom_heading no_stripe vc_custom_1453471528699 text_align_left\" ><h4 style=\"color: #222222;text-align: left\" class=\"consulting-custom-title\">Nuestra misi\u00f3n<\/h4><\/div>\n\t<div class=\"wpb_text_column wpb_content_element\" >\n\t\t<div class=\"wpb_wrapper\">\n\t\t\t<p>The mission of the International Trade Hub at SeaPort Manatee is to be the leading platform for global trade in Southwest Florida.<\/p>\n\n\t\t<\/div>\n\t<\/div>\n<\/div><\/div><\/div><\/div><\/div><\/div><\/div><div class=\"wpb_column vc_column_container vc_col-sm-3 vc_hidden-sm vc_hidden-xs\"><div class=\"vc_column-inner\"><div class=\"wpb_wrapper\">\n<div class=\"stm_sidebar\">\n\n            <style type=\"text\/css\" scoped>\n            .vc_custom_1452056597103{margin-right: 0px !important;margin-bottom: 30px !important;margin-left: 0px !important;}.vc_custom_1452056633692{padding-top: 37px !important;padding-right: 30px !important;padding-bottom: 40px !important;padding-left: 30px !important;}.vc_custom_1451998719729{margin-bottom: 9px !important;}.vc_custom_1462299503963{margin-bottom: 17px !important;}        <\/style>\n        <div class=\"vc_row wpb_row vc_row-fluid third_bg_color vc_custom_1452056597103\"><div class=\"wpb_column vc_column_container vc_col-sm-12\"><div class=\"vc_column-inner vc_custom_1452056633692\"><div class=\"wpb_wrapper\"><div class=\"vc_custom_heading vc_custom_1451998719729 text_align_left\" ><div style=\"font-size: 16px;color: #222222;text-align: left;font-family:Poppins;font-weight:600;font-style:normal\" class=\"consulting-custom-title\">\u00bfcomo podemos ayudarte?<\/div><\/div>\n\t<div class=\"wpb_text_column wpb_content_element  vc_custom_1462299503963\" >\n\t\t<div class=\"wpb_wrapper\">\n\t\t\t<p><span style=\"font-size: 13px; line-height: 22px;\">Comun\u00edquese con nosotros en la oficina de ITH@PM m\u00e1s cercana o env\u00edenos un correo electr\u00f3nico.<\/span><\/p>\n\n\t\t<\/div>\n\t<\/div>\n<div class=\"vc_btn3-container vc_btn3-inline\" ><a class=\"vc_general vc_btn3 vc_btn3-size-sm vc_btn3-shape-rounded vc_btn3-style-flat vc_btn3-icon-left vc_btn3-color-white\" href=\"http:\/\/www.internationalhubportmanatee.com\/contact-us\/\" title=\"\"><i class=\"vc_btn3-icon fa fa-phone-square\"><\/i> Cont\u00e1ctenos<\/a><\/div><\/div><\/div><\/div><\/div><div class=\"vc_row wpb_row vc_row-fluid\"><div class=\"wpb_column vc_column_container vc_col-sm-12\"><div class=\"vc_column-inner\"><div class=\"wpb_wrapper\">\n\n            <div class=\"stm_testimonials cols_1 style_1\">\n                            <div class=\"item\">\n                    <div class=\"testimonial\"><p>The International Trade Hub at SeaPort Manatee is focused on providing an incubator or a soft landing space for companies looking to enter the U.S. market. These are companies that otherwise would look in other areas of the country.<\/p>\n<\/div>\n                    <div class=\"testimonial-info clearfix\">\n                        <div class=\"testimonial-image\"><img width=\"50\" height=\"50\" src=\"https:\/\/www.internationalhubseaportmanatee.com\/wp-content\/uploads\/2016\/01\/Carlos-B.-50x50.jpg\" class=\"attachment-consulting-image-50x50-croped size-consulting-image-50x50-croped wp-post-image\" alt=\"\" loading=\"lazy\" srcset=\"https:\/\/www.internationalhubseaportmanatee.com\/wp-content\/uploads\/2016\/01\/Carlos-B.-50x50.jpg 50w, https:\/\/www.internationalhubseaportmanatee.com\/wp-content\/uploads\/2016\/01\/Carlos-B.-150x150.jpg 150w\" sizes=\"(max-width: 50px) 100vw, 50px\" \/><\/div>\n                        <div class=\"testimonial-text\">\n                            <div class=\"name\">Carlos Buqueras<\/div>\n                            <div class=\"company\">\n                                CEO, SeaPort Manatee                            <\/div>\n                        <\/div>\n                    <\/div>\n                <\/div>\n                    <\/div>\n    \n<\/div><\/div><\/div><\/div>\n    \n<\/div><\/div><\/div><\/div><\/div><div data-vc-full-width=\"true\" data-vc-full-width-init=\"false\" class=\"vc_row wpb_row vc_row-fluid third_bg_color vc_custom_1451889219674\"><div class=\"wpb_column vc_column_container vc_col-sm-12\"><div class=\"vc_column-inner\"><div class=\"wpb_wrapper\">\n<section class=\"vc_cta3-container\" >\n    <div class=\"vc_general vc_cta3 third_bg_color vc_cta3-style-flat vc_cta3-shape-square vc_cta3-align-left vc_cta3-color-classic vc_cta3-icon-size-md vc_cta3-actions-right vc_custom_1536793163128 style=\"\"\">\n                        <div class=\"vc_cta3_content-container\">\n                                    <div class=\"vc_cta3-content\">\n                <header class=\"vc_cta3-content-header\">\n                    <div class=\"vc_custom_heading\" ><h2 style=\"font-size: 20px;color: #000000;line-height: 24px\" class=\"consulting-custom-title\">\u00bfBusca un Centro Internacional de Primera Clase?<\/h2><\/div>                                    <\/header>\n                            <\/div>\n                        <div class=\"vc_cta3-actions\"><div class=\"vc_btn3-container vc_btn3-right\" ><a class=\"vc_general vc_btn3 vc_btn3-size-md vc_btn3-shape-rounded vc_btn3-style-flat vc_btn3-block vc_btn3-icon-right vc_btn3-color-theme_style_2\" href=\"http:\/\/www.internationalhubportmanatee.com\/contact-us\/\" title=\"\">M\u00e1s informaci\u00f3n  <i class=\"vc_btn3-icon fa fa-chevron-right\"><\/i><\/a><\/div><\/div>        <\/div>\n                    <\/div>\n<\/section><\/div><\/div><\/div><\/div><div class=\"vc_row-full-width vc_clearfix\"><\/div>","protected":false},"excerpt":{"rendered":"<p>[vc_row css=\".vc_custom_1451991003825{margin-bottom: 100px !important;}\"][vc_column offset=\"vc_col-lg-9 vc_col-md-9\"][vc_column_text css=\".vc_custom_1534527865347{margin-top: 40px !important;}\"]<\/p>\n<h3>Our offer<\/h3>\n<p>The International Trade Hub at SeaSeaPort Manatee, founded in 2014, provides expert advice and support in assisting firms with production, distribution and development of innovative supply chain solutions.<\/p>\n<p>At the Hub, international, regional and local start-ups and entrepreneurs wishing to establish future business in Manatee County, have access to the tools and expertise they need to succeed.[\/vc_column_text][vc_column_text css=\".vc_custom_1462299537612{margin-bottom: 34px !important;}\"]<\/p>\n<blockquote><p>ITH@PM continues to grow ever day thanks to the confidence our clients have in us. We cover many industries such as financial, energy, business services, consumer products.<\/p><\/blockquote>\n<p>[\/vc_column_text][vc_row_inner][vc_column_inner][vc_custom_heading text=\"Our mission\" font_container=\"tag:h4|text_align:left|color:%23222222\" use_theme_fonts=\"yes\" css=\".vc_custom_1453471528699{margin-bottom: 15px !important;}\" el_class=\"no_stripe\"][vc_column_text]The mission of the International Trade Hub at SeaSeaPort Manatee is to be the leading platform for global trade in Southwest Florida.[\/vc_column_text][\/vc_column_inner][\/vc_row_inner][\/vc_column][vc_column width=\"1\/4\" offset=\"vc_hidden-sm vc_hidden-xs\"][stm_sidebar sidebar=\"311\"][\/vc_column][\/vc_row][vc_row full_width=\"stretch_row\" el_class=\"third_bg_color\" css=\".vc_custom_1451889219674{margin-bottom: -60px !important;}\"][vc_column][vc_cta h2=\"Looking for a First-Class International Hub?\" h2_font_container=\"font_size:20px|color:%23000000|line_height:24px\" h2_use_theme_fonts=\"yes\" shape=\"square\" style=\"flat\" add_button=\"right\" btn_title=\"More Information \" btn_style=\"flat\" btn_color=\"theme_style_2\" btn_align=\"right\" btn_i_align=\"right\" btn_i_icon_fontawesome=\"fa fa-chevron-right\" use_custom_fonts_h2=\"true\" btn_button_block=\"true\" btn_add_icon=\"true\" el_class=\"third_bg_color\" css=\".vc_custom_1536793163128{margin-bottom: 0px !important;}\" btn_link=\"url:http%3A%2F%2Fwww.internationalhubportmanatee.com%2Fcontact-us%2F||\"][\/vc_cta][\/vc_column][\/vc_row]<\/p>\n","protected":false},"author":1,"featured_media":0,"parent":0,"menu_order":0,"comment_status":"closed","ping_status":"closed","template":"","meta":{"_mi_skip_tracking":false},"_links":{"self":[{"href":"https:\/\/www.internationalhubseaportmanatee.com\/es\/wp-json\/wp\/v2\/pages\/9"}],"collection":[{"href":"https:\/\/www.internationalhubseaportmanatee.com\/es\/wp-json\/wp\/v2\/pages"}],"about":[{"href":"https:\/\/www.internationalhubseaportmanatee.com\/es\/wp-json\/wp\/v2\/types\/page"}],"author":[{"embeddable":true,"href":"https:\/\/www.internationalhubseaportmanatee.com\/es\/wp-json\/wp\/v2\/users\/1"}],"replies":[{"embeddable":true,"href":"https:\/\/www.internationalhubseaportmanatee.com\/es\/wp-json\/wp\/v2\/comments?post=9"}],"version-history":[{"count":14,"href":"https:\/\/www.internationalhubseaportmanatee.com\/es\/wp-json\/wp\/v2\/pages\/9\/revisions"}],"predecessor-version":[{"id":2610,"href":"https:\/\/www.internationalhubseaportmanatee.com\/es\/wp-json\/wp\/v2\/pages\/9\/revisions\/2610"}],"wp:attachment":[{"href":"https:\/\/www.internationalhubseaportmanatee.com\/es\/wp-json\/wp\/v2\/media?parent=9"}],"curies":[{"name":"wp","href":"https:\/\/api.w.org\/{rel}","templated":true}]}}