{"id":558,"date":"2016-01-13T17:48:37","date_gmt":"2016-01-13T17:48:37","guid":{"rendered":"http:\/\/consulting.stylemixthemes.com\/demo\/?page_id=558"},"modified":"2021-07-16T15:36:24","modified_gmt":"2021-07-16T20:36:24","slug":"services-grid","status":"publish","type":"page","link":"https:\/\/www.internationalhubseaportmanatee.com\/es\/services-grid\/","title":{"rendered":"Que ofrecemos"},"content":{"rendered":"<div class=\"vc_row wpb_row vc_row-fluid\"><div class=\"wpb_column vc_column_container vc_col-sm-6\"><div class=\"vc_column-inner\"><div class=\"wpb_wrapper\"><div class=\"vc_custom_heading text_align_left\" ><h2 style=\"text-align: left;font-family:Abril Fatface;font-weight:400;font-style:normal\" class=\"consulting-custom-title\">Centro de negocio<\/h2><\/div><div class=\"wpb_images_carousel wpb_content_element vc_clearfix\"><div class=\"wpb_wrapper\"><div id=\"vc_images-carousel-1-1776156866\" data-ride=\"vc_carousel\" data-wrap=\"true\" style=\"width: 500px;\" data-interval=\"2400\" data-auto-height=\"yes\" data-mode=\"horizontal\" data-partial=\"false\" data-per-view=\"1\" data-hide-on-end=\"false\" class=\"vc_slide vc_images_carousel\"><ol class=\"vc_carousel-indicators\"><li data-target=\"#vc_images-carousel-1-1776156866\" data-slide-to=\"0\"><\/li><li data-target=\"#vc_images-carousel-1-1776156866\" data-slide-to=\"1\"><\/li><li data-target=\"#vc_images-carousel-1-1776156866\" data-slide-to=\"2\"><\/li><li data-target=\"#vc_images-carousel-1-1776156866\" data-slide-to=\"3\"><\/li><li data-target=\"#vc_images-carousel-1-1776156866\" data-slide-to=\"4\"><\/li><li data-target=\"#vc_images-carousel-1-1776156866\" data-slide-to=\"5\"><\/li><li data-target=\"#vc_images-carousel-1-1776156866\" data-slide-to=\"6\"><\/li><li data-target=\"#vc_images-carousel-1-1776156866\" data-slide-to=\"7\"><\/li><li data-target=\"#vc_images-carousel-1-1776156866\" data-slide-to=\"8\"><\/li><\/ol><div class=\"vc_carousel-inner\"><div class=\"vc_carousel-slideline\"><div class=\"vc_carousel-slideline-inner\"><div class=\"vc_item\"><div class=\"vc_inner\"><img class=\"\" src=\"https:\/\/www.internationalhubseaportmanatee.com\/wp-content\/uploads\/2016\/01\/business-center-service-e1573233718431-500x400.jpg\" width=\"500\" height=\"400\" alt=\"business-center-service\" title=\"business-center-service\" \/><\/div><\/div><div class=\"vc_item\"><div class=\"vc_inner\"><img class=\"\" src=\"https:\/\/www.internationalhubseaportmanatee.com\/wp-content\/uploads\/2016\/01\/Conference-Room-1-500x400.jpeg\" width=\"500\" height=\"400\" alt=\"Conference Room 1\" title=\"Conference Room 1\" \/><\/div><\/div><div class=\"vc_item\"><div class=\"vc_inner\"><img class=\"\" src=\"https:\/\/www.internationalhubseaportmanatee.com\/wp-content\/uploads\/2016\/01\/Media-room-with-teleconference-capabilities-500x400.jpeg\" width=\"500\" height=\"400\" alt=\"Media room with teleconference capabilities\" title=\"Sala de medios con capacidades de teleconferencia\" \/><\/div><\/div><div class=\"vc_item\"><div class=\"vc_inner\"><img class=\"\" src=\"https:\/\/www.internationalhubseaportmanatee.com\/wp-content\/uploads\/2016\/01\/Media-room-with-teleconference-capabilities-1.1-500x400.jpeg\" width=\"500\" height=\"400\" alt=\"Media room with teleconference capabilities 1.1\" title=\"Media room with teleconference capabilities 1.1\" \/><\/div><\/div><div class=\"vc_item\"><div class=\"vc_inner\"><img class=\"\" src=\"https:\/\/www.internationalhubseaportmanatee.com\/wp-content\/uploads\/2016\/01\/Conference-Room-1.2-500x400.jpeg\" width=\"500\" height=\"400\" alt=\"Conference Room 1.2\" title=\"Conference Room 1.2\" \/><\/div><\/div><div class=\"vc_item\"><div class=\"vc_inner\"><img class=\"\" src=\"https:\/\/www.internationalhubseaportmanatee.com\/wp-content\/uploads\/2016\/01\/Conference-Room-1.1-500x400.jpeg\" width=\"500\" height=\"400\" alt=\"Conference Room 1.1\" title=\"Conference Room 1.1\" \/><\/div><\/div><div class=\"vc_item\"><div class=\"vc_inner\"><img class=\"\" src=\"https:\/\/www.internationalhubseaportmanatee.com\/wp-content\/uploads\/2019\/11\/Conference-Room-2.2-500x400.jpeg\" width=\"500\" height=\"400\" alt=\"Conference Room 2.2\" title=\"Conference Room 2.2\" \/><\/div><\/div><div class=\"vc_item\"><div class=\"vc_inner\"><img class=\"\" src=\"https:\/\/www.internationalhubseaportmanatee.com\/wp-content\/uploads\/2019\/11\/Conference-Room-2-500x400.jpeg\" width=\"500\" height=\"400\" alt=\"Conference Room 2\" title=\"Conference Room 2\" \/><\/div><\/div><div class=\"vc_item\"><div class=\"vc_inner\"><img class=\"\" src=\"https:\/\/www.internationalhubseaportmanatee.com\/wp-content\/uploads\/2016\/01\/Company-exhibition-on-the-first-floor-500x400.jpeg\" width=\"500\" height=\"400\" alt=\"Company exhibition on the first floor\" title=\"Company exhibition on the first floor\" \/><\/div><\/div><\/div><\/div><\/div><\/div><\/div><\/div>\t<div class=\"vc_separator wpb_content_element vc_sep_width_100 type_1  vc_separator_no_text\">\n\t\t<span class=\"vc_sep_holder vc_sep_holder_l\"><span class=\"vc_sep_line\"><\/span><\/span>\n\t\t\t\t<span class=\"vc_sep_holder vc_sep_holder_r\"><span class=\"vc_sep_line\"><\/span><\/span>\n\t<\/div>\n\t\n\n\t<div class=\"wpb_text_column wpb_content_element\" >\n\t\t<div class=\"wpb_wrapper\">\n\t\t\t<p>El HUB est\u00e1 equipado con tres salas de conferencias, una sala multimedia con capacidad para teleconferencias de m\u00e1s de 3000 pies cuadrados de espacio para oficinas y un almac\u00e9n interno. Las empresas que inician una expansi\u00f3n comercial internacional en el International Trade Hub pueden aprovechar el alojamiento virtual con una direcci\u00f3n, tel\u00e9fono y espacio de oficina previamente acordado, as\u00ed como una incubadora log\u00edstica y espacio para almacenar muestras, que son algunas de las caracter\u00edsticas de ayuda que facilitar\u00e1 la expansi\u00f3n de su negocio internacional.<\/p>\n\n\t\t<\/div>\n\t<\/div>\n<\/div><\/div><\/div><div class=\"wpb_column vc_column_container vc_col-sm-6\"><div class=\"vc_column-inner\"><div class=\"wpb_wrapper\"><div class=\"vc_custom_heading text_align_left\" ><h2 style=\"text-align: left;font-family:Abril Fatface;font-weight:400;font-style:normal\" class=\"consulting-custom-title\">Servicios Internacionales<\/h2><\/div><div class=\"wpb_images_carousel wpb_content_element vc_clearfix\"><div class=\"wpb_wrapper\"><div id=\"vc_images-carousel-2-1776156866\" data-ride=\"vc_carousel\" data-wrap=\"true\" style=\"width: 500px;\" data-interval=\"2400\" data-auto-height=\"yes\" data-mode=\"horizontal\" data-partial=\"false\" data-per-view=\"1\" data-hide-on-end=\"false\" class=\"vc_slide vc_images_carousel\"><div class=\"vc_carousel-inner\"><div class=\"vc_carousel-slideline\"><div class=\"vc_carousel-slideline-inner\"><div class=\"vc_item\"><div class=\"vc_inner\"><img class=\"\" src=\"https:\/\/www.internationalhubseaportmanatee.com\/wp-content\/uploads\/2016\/01\/international-flag-500x400.jpg\" width=\"500\" height=\"400\" alt=\"international-flag\" title=\"international-flag\" \/><\/div><\/div><\/div><\/div><\/div><\/div><\/div><\/div>\t<div class=\"vc_separator wpb_content_element vc_sep_width_100 type_1  vc_separator_no_text\">\n\t\t<span class=\"vc_sep_holder vc_sep_holder_l\"><span class=\"vc_sep_line\"><\/span><\/span>\n\t\t\t\t<span class=\"vc_sep_holder vc_sep_holder_r\"><span class=\"vc_sep_line\"><\/span><\/span>\n\t<\/div>\n\t\n\n\t<div class=\"wpb_text_column wpb_content_element\" >\n\t\t<div class=\"wpb_wrapper\">\n\t\t\t<p>Los profesionales asociados ayudan a las empresas a alcanzar el \u00e9xito internacional.<\/p>\n\n\t\t<\/div>\n\t<\/div>\n<\/div><\/div><\/div><\/div><div class=\"vc_row wpb_row vc_row-fluid\"><div class=\"wpb_column vc_column_container vc_col-sm-6\"><div class=\"vc_column-inner\"><div class=\"wpb_wrapper\"><div class=\"vc_custom_heading text_align_left\" ><h2 style=\"text-align: left;font-family:Abril Fatface;font-weight:400;font-style:normal\" class=\"consulting-custom-title\">Mercado de enfoque<\/h2><\/div><div class=\"wpb_images_carousel wpb_content_element vc_clearfix\"><div class=\"wpb_wrapper\"><div id=\"vc_images-carousel-3-1776156866\" data-ride=\"vc_carousel\" data-wrap=\"true\" style=\"width: 500px;\" data-interval=\"2400\" data-auto-height=\"yes\" data-mode=\"horizontal\" data-partial=\"false\" data-per-view=\"1\" data-hide-on-end=\"false\" class=\"vc_slide vc_images_carousel\"><ol class=\"vc_carousel-indicators\"><li data-target=\"#vc_images-carousel-3-1776156866\" data-slide-to=\"0\"><\/li><\/ol><div class=\"vc_carousel-inner\"><div class=\"vc_carousel-slideline\"><div class=\"vc_carousel-slideline-inner\"><div class=\"vc_item\"><div class=\"vc_inner\"><img class=\"\" src=\"https:\/\/www.internationalhubseaportmanatee.com\/wp-content\/uploads\/2016\/01\/target-thumb-500x400.jpg\" width=\"500\" height=\"400\" alt=\"target-thumb\" title=\"target-thumb\" \/><\/div><\/div><\/div><\/div><\/div><\/div><\/div><\/div>\t<div class=\"vc_separator wpb_content_element vc_sep_width_100 type_1  vc_separator_no_text\">\n\t\t<span class=\"vc_sep_holder vc_sep_holder_l\"><span class=\"vc_sep_line\"><\/span><\/span>\n\t\t\t\t<span class=\"vc_sep_holder vc_sep_holder_r\"><span class=\"vc_sep_line\"><\/span><\/span>\n\t<\/div>\n\t\n\n\t<div class=\"wpb_text_column wpb_content_element\" >\n\t\t<div class=\"wpb_wrapper\">\n\t\t\t<p>El objetivo del HUB consta de varios segmentos capaces de generar negocios nacionales e internacionales, entre los cuales se encuentran principalmente empresas, empresarios, estudiantes, instituciones de formaci\u00f3n profesional y organizaciones de promoci\u00f3n empresarial.<\/p>\n<p>El objetivo tambi\u00e9n es grande en cuanto al nivel de actividad de desarrollo, puede acomodar una iniciativa en sus etapas embrionarias, puesta en marcha, aceleraci\u00f3n o ya establecida, aunque es cierto, cualquiera de estas etapas de desarrollo de negocios que est\u00e1 marcada por negocios internacionales o Una actividad que est\u00e1 en proceso de expansi\u00f3n, que busca ingresar al mercado latinoamericano o usar el HUB como plataforma, es un objetivo principal.<\/p>\n\n\t\t<\/div>\n\t<\/div>\n<\/div><\/div><\/div><div class=\"wpb_column vc_column_container vc_col-sm-6\"><div class=\"vc_column-inner\"><div class=\"wpb_wrapper\"><div class=\"vc_custom_heading text_align_left\" ><h2 style=\"text-align: left;font-family:Abril Fatface;font-weight:400;font-style:normal\" class=\"consulting-custom-title\">Servicios de Logistica<\/h2><\/div><div class=\"wpb_images_carousel wpb_content_element vc_clearfix\"><div class=\"wpb_wrapper\"><div id=\"vc_images-carousel-4-1776156866\" data-ride=\"vc_carousel\" data-wrap=\"true\" style=\"width: 500px;\" data-interval=\"2400\" data-auto-height=\"yes\" data-mode=\"horizontal\" data-partial=\"false\" data-per-view=\"1\" data-hide-on-end=\"false\" class=\"vc_slide vc_images_carousel\"><ol class=\"vc_carousel-indicators\"><li data-target=\"#vc_images-carousel-4-1776156866\" data-slide-to=\"0\"><\/li><li data-target=\"#vc_images-carousel-4-1776156866\" data-slide-to=\"1\"><\/li><li data-target=\"#vc_images-carousel-4-1776156866\" data-slide-to=\"2\"><\/li><li data-target=\"#vc_images-carousel-4-1776156866\" data-slide-to=\"3\"><\/li><\/ol><div class=\"vc_carousel-inner\"><div class=\"vc_carousel-slideline\"><div class=\"vc_carousel-slideline-inner\"><div class=\"vc_item\"><div class=\"vc_inner\"><img class=\"\" src=\"https:\/\/www.internationalhubseaportmanatee.com\/wp-content\/uploads\/2015\/12\/logistics-2-500x400.jpg\" width=\"500\" height=\"400\" alt=\"logistics-2\" title=\"logistics-2\" \/><\/div><\/div><div class=\"vc_item\"><div class=\"vc_inner\"><img class=\"\" src=\"https:\/\/www.internationalhubseaportmanatee.com\/wp-content\/uploads\/2016\/04\/del_monte_2014-500x400.jpg\" width=\"500\" height=\"400\" alt=\"del_monte_2014\" title=\"del_monte_2014\" \/><\/div><\/div><div class=\"vc_item\"><div class=\"vc_inner\"><img class=\"\" src=\"https:\/\/www.internationalhubseaportmanatee.com\/wp-content\/uploads\/2016\/01\/logistics-500x400.jpg\" width=\"500\" height=\"400\" alt=\"logistics\" title=\"logistics\" \/><\/div><\/div><div class=\"vc_item\"><div class=\"vc_inner\"><img class=\"\" src=\"https:\/\/www.internationalhubseaportmanatee.com\/wp-content\/uploads\/2016\/01\/logistics-gran-500x346.jpg\" width=\"500\" height=\"346\" alt=\"logistics-gran\" title=\"logistics-gran\" \/><\/div><\/div><\/div><\/div><\/div><\/div><\/div><\/div>\t<div class=\"vc_separator wpb_content_element vc_sep_width_100 type_1  vc_separator_no_text\">\n\t\t<span class=\"vc_sep_holder vc_sep_holder_l\"><span class=\"vc_sep_line\"><\/span><\/span>\n\t\t\t\t<span class=\"vc_sep_holder vc_sep_holder_r\"><span class=\"vc_sep_line\"><\/span><\/span>\n\t<\/div>\n\t\n\n\t<div class=\"wpb_text_column wpb_content_element\" >\n\t\t<div class=\"wpb_wrapper\">\n\t\t\t<p>The hub offices located at SeaPort Manatee\u2019s Intermodal building have the equipment needed for a productive work environment. Knowledgeable professionals are available to help develop innovative supply chain solutions.<\/p>\n<p>You can find information and news about SeaPort Manatee at <a href=\"http:\/\/www.portmanatee.com\">www.portmanatee.com<\/a><\/p>\n\n\t\t<\/div>\n\t<\/div>\n<\/div><\/div><\/div><\/div><div class=\"vc_row wpb_row vc_row-fluid\"><div class=\"wpb_column vc_column_container vc_col-sm-12\"><div class=\"vc_column-inner\"><div class=\"wpb_wrapper\"><div class=\"vc_empty_space\"   style=\"height: 32px\"><span class=\"vc_empty_space_inner\"><\/span><\/div><\/div><\/div><\/div><\/div><div data-vc-full-width=\"true\" data-vc-full-width-init=\"false\" class=\"vc_row wpb_row vc_row-fluid third_bg_color vc_custom_1451889219674\"><div class=\"wpb_column vc_column_container vc_col-sm-12\"><div class=\"vc_column-inner\"><div class=\"wpb_wrapper\">\n<section class=\"vc_cta3-container\" >\n    <div class=\"vc_general vc_cta3 third_bg_color vc_cta3-style-flat vc_cta3-shape-square vc_cta3-align-left vc_cta3-color-classic vc_cta3-icon-size-md vc_cta3-actions-right vc_custom_1536791516862 style=\"\"\">\n                        <div class=\"vc_cta3_content-container\">\n                                    <div class=\"vc_cta3-content\">\n                <header class=\"vc_cta3-content-header\">\n                    <div class=\"vc_custom_heading\" ><h2 style=\"font-size: 20px;color: #000000;line-height: 24px\" class=\"consulting-custom-title\">\u00bfBusca un Centro Internacional de Primera Clase?<\/h2><\/div>                                    <\/header>\n                            <\/div>\n                        <div class=\"vc_cta3-actions\"><div class=\"vc_btn3-container vc_btn3-right\" ><a class=\"vc_general vc_btn3 vc_btn3-size-md vc_btn3-shape-rounded vc_btn3-style-flat vc_btn3-block vc_btn3-icon-right vc_btn3-color-theme_style_2\" href=\"http:\/\/www.internationalhubportmanatee.com\/contact-us\/\" title=\"\">M\u00e1s informaci\u00f3n <i class=\"vc_btn3-icon fa fa-chevron-right\"><\/i><\/a><\/div><\/div>        <\/div>\n                    <\/div>\n<\/section><\/div><\/div><\/div><\/div><div class=\"vc_row-full-width vc_clearfix\"><\/div>","protected":false},"excerpt":{"rendered":"<p>[vc_row][vc_column width=\"1\/2\"][vc_custom_heading text=\"Business Center\"][vc_images_carousel images=\"1192,3298,3300,3299,3297,3296,3293,3294,3295\" img_size=\"500x400\" onclick=\"link_no\" speed=\"2400\" autoplay=\"yes\" hide_prev_next_buttons=\"yes\" wrap=\"yes\"][vc_separator][vc_column_text]The HUB is equipt with three conference rooms, a media room with teleconference capabilities over 3,000 Sq Ft of office space, and an in-house warehouse.\u00a0Companies starting an international business expansion at the International Trade Hub can take advantage of virtual hosting with an address, telephone, and pre-agreed office space, as well as a logistic Incubator and space to store samples, which are some of the helping features that will ease your international business expansion.[\/vc_column_text][\/vc_column][vc_column width=\"1\/2\"][vc_custom_heading text=\"International Services\"][vc_images_carousel images=\"3302\" img_size=\"500x400\" onclick=\"link_no\" speed=\"2400\" autoplay=\"yes\" hide_pagination_control=\"yes\" hide_prev_next_buttons=\"yes\" wrap=\"yes\"][vc_separator][vc_column_text]Associated professionals help companies reach international success.[\/vc_column_text][\/vc_column][\/vc_row][vc_row][vc_column width=\"1\/2\"][vc_custom_heading text=\"Focus Market\"][vc_images_carousel images=\"1198\" img_size=\"500x400\" onclick=\"link_no\" speed=\"2400\" autoplay=\"yes\" hide_prev_next_buttons=\"yes\" wrap=\"yes\"][vc_separator][vc_column_text]The HUB&#8217;s focus consists of several segments capable of generating national and international business, among which are mainly companies, businessmen, entrepreneurs, students, vocational training institutions and business promotion Organizations<\/p>\n<p>The Target is also large as to the level of development activity, can accommodate an initiative in its embryonic stages, Start-Up, Acceleration or already established, although it is true, any of these development stages of business that is marked by international business or activity that is in process of expansion.[\/vc_column_text][\/vc_column][vc_column width=\"1\/2\"][vc_custom_heading text=\"Logistic Services\"][vc_images_carousel images=\"1377,1376,1350,1355\" img_size=\"500x400\" onclick=\"link_no\" speed=\"2400\" autoplay=\"yes\" hide_prev_next_buttons=\"yes\" wrap=\"yes\"][vc_separator][vc_column_text]The hub offices located at SeaSeaPort Manatee\u2019s Intermodal building have the equipment needed for a productive work environment. Knowledgeable professionals are available to help develop innovative supply chain solutions.<\/p>\n<p>You can find information and news about SeaSeaPort Manatee at <a href=\"http:\/\/www.portmanatee.com\">www.portmanatee.com<\/a>[\/vc_column_text][\/vc_column][\/vc_row][vc_row][vc_column][vc_empty_space][\/vc_column][\/vc_row][vc_row full_width=\"stretch_row\" el_class=\"third_bg_color\" css=\".vc_custom_1451889219674{margin-bottom: -60px !important;}\"][vc_column][vc_cta h2=\"Looking for a First-Class International Hub?\" h2_font_container=\"font_size:20px|color:%23000000|line_height:24px\" h2_use_theme_fonts=\"yes\" shape=\"square\" style=\"flat\" add_button=\"right\" btn_title=\"More Information\" btn_style=\"flat\" btn_color=\"theme_style_2\" btn_align=\"right\" btn_i_align=\"right\" btn_i_icon_fontawesome=\"fa fa-chevron-right\" use_custom_fonts_h2=\"true\" btn_button_block=\"true\" btn_add_icon=\"true\" el_class=\"third_bg_color\" css=\".vc_custom_1536791516862{margin-bottom: 0px !important;}\" btn_link=\"url:http%3A%2F%2Fwww.internationalhubportmanatee.com%2Fcontact-us%2F||\"][\/vc_cta][\/vc_column][\/vc_row]<\/p>\n","protected":false},"author":1,"featured_media":0,"parent":0,"menu_order":0,"comment_status":"closed","ping_status":"closed","template":"","meta":{"_mi_skip_tracking":false},"_links":{"self":[{"href":"https:\/\/www.internationalhubseaportmanatee.com\/es\/wp-json\/wp\/v2\/pages\/558"}],"collection":[{"href":"https:\/\/www.internationalhubseaportmanatee.com\/es\/wp-json\/wp\/v2\/pages"}],"about":[{"href":"https:\/\/www.internationalhubseaportmanatee.com\/es\/wp-json\/wp\/v2\/types\/page"}],"author":[{"embeddable":true,"href":"https:\/\/www.internationalhubseaportmanatee.com\/es\/wp-json\/wp\/v2\/users\/1"}],"replies":[{"embeddable":true,"href":"https:\/\/www.internationalhubseaportmanatee.com\/es\/wp-json\/wp\/v2\/comments?post=558"}],"version-history":[{"count":6,"href":"https:\/\/www.internationalhubseaportmanatee.com\/es\/wp-json\/wp\/v2\/pages\/558\/revisions"}],"predecessor-version":[{"id":3503,"href":"https:\/\/www.internationalhubseaportmanatee.com\/es\/wp-json\/wp\/v2\/pages\/558\/revisions\/3503"}],"wp:attachment":[{"href":"https:\/\/www.internationalhubseaportmanatee.com\/es\/wp-json\/wp\/v2\/media?parent=558"}],"curies":[{"name":"wp","href":"https:\/\/api.w.org\/{rel}","templated":true}]}}