{"id":390,"date":"2016-01-07T05:57:45","date_gmt":"2016-01-07T05:57:45","guid":{"rendered":"http:\/\/consulting.stylemixthemes.com\/demo\/?page_id=390"},"modified":"2020-02-25T15:01:21","modified_gmt":"2020-02-25T20:01:21","slug":"our-partners","status":"publish","type":"page","link":"https:\/\/www.internationalhubseaportmanatee.com\/es\/our-partners\/","title":{"rendered":"Nuestros compa\u00f1eros"},"content":{"rendered":"<div class=\"vc_row wpb_row vc_row-fluid vc_custom_1451991003825\"><div class=\"wpb_column vc_column_container vc_col-sm-9\"><div class=\"vc_column-inner\"><div class=\"wpb_wrapper\"><div class=\"vc_row wpb_row vc_inner vc_row-fluid vc_custom_1452152300724\"><div class=\"wpb_column vc_column_container vc_col-sm-12\"><div class=\"vc_column-inner\"><div class=\"wpb_wrapper\"><div class=\"stm_partner vc_custom_1573240717061 style_2\">\n            <div class=\"image\">\n            <img width=\"222\" height=\"137\" src=\"https:\/\/www.internationalhubseaportmanatee.com\/wp-content\/uploads\/2016\/01\/port-manatee.png\" class=\"attachment-consulting-image-350x204-croped\" alt=\"\" loading=\"lazy\" title=\"port-manatee\" \/>        <\/div>\n        <div class=\"stm_partner_content\">\n                                                                        <h4 class=\"no_stripe\"><a href=\"http:\/\/www.portmanatee.com\" target=\"_blank\">PORT MANATEE<\/a><\/h4>\n                                                                <div class=\"description\">One of Florida&#039;s largest and fastest-growing deepwater seaports and a gateway to international markets and the creator of the International Trade Hub at SeaPort Manatee.<\/div>\n                    <\/div>\n<\/div><div class=\"stm_partner vc_custom_1516890169729 style_2\">\n            <div class=\"image\">\n            <img width=\"350\" height=\"204\" src=\"https:\/\/www.internationalhubseaportmanatee.com\/wp-content\/uploads\/2016\/01\/Manatee-County-logo-350x204.png\" class=\"attachment-consulting-image-350x204-croped\" alt=\"\" loading=\"lazy\" title=\"Manatee County logo\" \/>        <\/div>\n        <div class=\"stm_partner_content\">\n                                                                        <h4 class=\"no_stripe\"><a href=\"http:\/\/www.mymanatee.org\" target=\"_blank\">MANATEE COUNTY<\/a><\/h4>\n                                                                <div class=\"description\">El condado de Manatee fomenta el crecimiento empresarial, los buenos empleos y la prosperidad de la comunidad.<\/div>\n                    <\/div>\n<\/div><div class=\"stm_partner vc_custom_1573240577698 style_2\">\n            <div class=\"image\">\n            <img width=\"350\" height=\"204\" src=\"https:\/\/www.internationalhubseaportmanatee.com\/wp-content\/uploads\/2019\/11\/Logo-Asopyme-350x204.png\" class=\"attachment-consulting-image-350x204-croped\" alt=\"\" loading=\"lazy\" title=\"Logo Asopyme\" \/>        <\/div>\n        <div class=\"stm_partner_content\">\n                                                                        <h4 class=\"no_stripe\"><a href=\"http:\/\/www.asopyme.org.ar\/\" target=\"_blank\"> Asopyme <\/a><\/h4>\n                                                        <div class=\"position\">\n                The HUB's International Office partner\n            <\/div>\n                            <div class=\"description\">La Asociaci\u00f3n de Peque\u00f1as y Medianas Empresas (ASOPYME) es una organizaci\u00f3n profesional intersectorial fundada en la provincia de Santa Fe, Argentina, en 2005 para la defensa, representaci\u00f3n y promoci\u00f3n de los intereses de las peque\u00f1as y medianas empresas en la Rep\u00fablica Argentina. Trabajamos conjuntamente con instituciones p\u00fablicas y privadas; prestigiosas entidades nacionales y extranjeras, y agencias estatales en todos sus \u00e1mbitos (nacional, provincial y municipal).<\/div>\n                    <\/div>\n<\/div><div class=\"stm_partner vc_custom_1548710324775 style_2\">\n            <div class=\"image\">\n            <img width=\"348\" height=\"118\" src=\"https:\/\/www.internationalhubseaportmanatee.com\/wp-content\/uploads\/2019\/01\/manatee-operator-logo.jpg\" class=\"attachment-consulting-image-350x204-croped\" alt=\"\" loading=\"lazy\" title=\"manatee operator logo\" srcset=\"https:\/\/www.internationalhubseaportmanatee.com\/wp-content\/uploads\/2019\/01\/manatee-operator-logo.jpg 348w, https:\/\/www.internationalhubseaportmanatee.com\/wp-content\/uploads\/2019\/01\/manatee-operator-logo-300x102.jpg 300w\" sizes=\"(max-width: 348px) 100vw, 348px\" \/>        <\/div>\n        <div class=\"stm_partner_content\">\n                                                                        <h4 class=\"no_stripe\"><a href=\"http:\/\/manateeoperator.com\/\" target=\"_blank\">Manatee Operator <\/a><\/h4>\n                                                                <div class=\"description\">Manatee Operator <\/div>\n                    <\/div>\n<\/div><div class=\"stm_partner vc_custom_1516890157283 style_2\">\n            <div class=\"image\">\n            <img width=\"350\" height=\"195\" src=\"https:\/\/www.internationalhubseaportmanatee.com\/wp-content\/uploads\/2016\/01\/anzellini-350x195.jpg\" class=\"attachment-consulting-image-350x204-croped\" alt=\"\" loading=\"lazy\" title=\"anzellini\" srcset=\"https:\/\/www.internationalhubseaportmanatee.com\/wp-content\/uploads\/2016\/01\/anzellini.jpg 350w, https:\/\/www.internationalhubseaportmanatee.com\/wp-content\/uploads\/2016\/01\/anzellini-300x167.jpg 300w\" sizes=\"(max-width: 350px) 100vw, 350px\" \/>        <\/div>\n        <div class=\"stm_partner_content\">\n                                                                        <h4 class=\"no_stripe\"><a href=\"http:\/\/www.yourglobalconnection.net\" target=\"_blank\">ANZELLINI TEAM<\/a><\/h4>\n                                                                <div class=\"description\">Sarasota &amp; Florida Mid and West Coast Real Estate<\/div>\n                    <\/div>\n<\/div><div class=\"stm_partner vc_custom_1516890328645 style_2\">\n            <div class=\"image\">\n            <img width=\"350\" height=\"195\" src=\"https:\/\/www.internationalhubseaportmanatee.com\/wp-content\/uploads\/2016\/01\/brosa-350x195.jpg\" class=\"attachment-consulting-image-350x204-croped\" alt=\"\" loading=\"lazy\" title=\"brosa\" srcset=\"https:\/\/www.internationalhubseaportmanatee.com\/wp-content\/uploads\/2016\/01\/brosa.jpg 350w, https:\/\/www.internationalhubseaportmanatee.com\/wp-content\/uploads\/2016\/01\/brosa-300x167.jpg 300w\" sizes=\"(max-width: 350px) 100vw, 350px\" \/>        <\/div>\n        <div class=\"stm_partner_content\">\n                                                                        <h4 class=\"no_stripe\"><a href=\"http:\/\/www.brosa.es\" target=\"_blank\">BROSA<\/a><\/h4>\n                                                                <div class=\"description\">Economist &amp; Law Firm<\/div>\n                    <\/div>\n<\/div><div class=\"stm_partner vc_custom_1521564763985 style_2\">\n            <div class=\"image\">\n            <img width=\"300\" height=\"200\" src=\"https:\/\/www.internationalhubseaportmanatee.com\/wp-content\/uploads\/2018\/03\/cadence_bank_logo_300x200.jpg\" class=\"attachment-consulting-image-350x204-croped\" alt=\"\" loading=\"lazy\" title=\"Cadence Bank Logo\" \/>        <\/div>\n        <div class=\"stm_partner_content\">\n                                                                        <h4 class=\"no_stripe\"><a href=\"https:\/\/cadencebank.com\/\" target=\"_blank\">CADENCE BANK<\/a><\/h4>\n                                                                <div class=\"description\">Cadence Bank was designed for those who demand banking that&#039;s dramatically better than what they\u2019ve experienced in the past. Their mission is to deliver a better banking experience for every client.<\/div>\n                    <\/div>\n<\/div><div class=\"stm_partner vc_custom_1521565210178 style_2\">\n            <div class=\"image\">\n            <img width=\"300\" height=\"200\" src=\"https:\/\/www.internationalhubseaportmanatee.com\/wp-content\/uploads\/2018\/03\/Florida_institute_of_management_Logo_300x200.jpg\" class=\"attachment-consulting-image-350x204-croped\" alt=\"\" loading=\"lazy\" title=\"Florida Institute of management Logo\" \/>        <\/div>\n        <div class=\"stm_partner_content\">\n                                                                        <h4 class=\"no_stripe\"><a href=\"http:\/\/www.floridainstituteofmanagement.net\/home.html\" target=\"_blank\">FLORIDA INSTITUTE OF MANAGEMENT<\/a><\/h4>\n                                                                <div class=\"description\">Florida Institute of Management was designed with the new trends in learning for the 21 Century in mind, catering to the top executive management and leadership responding to their needs with excellence in our training and development programs.<\/div>\n                    <\/div>\n<\/div><div class=\"stm_partner vc_custom_1573242429382 style_2\">\n            <div class=\"image\">\n            <img width=\"350\" height=\"195\" src=\"https:\/\/www.internationalhubseaportmanatee.com\/wp-content\/uploads\/2016\/01\/gml-350x195.jpg\" class=\"attachment-consulting-image-350x204-croped\" alt=\"\" loading=\"lazy\" title=\"gml\" srcset=\"https:\/\/www.internationalhubseaportmanatee.com\/wp-content\/uploads\/2016\/01\/gml.jpg 350w, https:\/\/www.internationalhubseaportmanatee.com\/wp-content\/uploads\/2016\/01\/gml-300x167.jpg 300w\" sizes=\"(max-width: 350px) 100vw, 350px\" \/>        <\/div>\n        <div class=\"stm_partner_content\">\n                                                                        <h4 class=\"no_stripe\"><a href=\"http:\/\/gmlnewmarkets.com\/\" target=\"_blank\">GM&amp;L<\/a><\/h4>\n                                                                <div class=\"description\">Strategic consultancy for new markets<\/div>\n                    <\/div>\n<\/div><div class=\"stm_partner vc_custom_1516890187910 style_2\">\n            <div class=\"image\">\n            <img width=\"247\" height=\"148\" src=\"https:\/\/www.internationalhubseaportmanatee.com\/wp-content\/uploads\/2016\/01\/Indaba_Logo.png\" class=\"attachment-consulting-image-350x204-croped\" alt=\"\" loading=\"lazy\" title=\"Indaba_Logo\" \/>        <\/div>\n        <div class=\"stm_partner_content\">\n                                                                        <h4 class=\"no_stripe\"><a href=\"http:\/\/www.indabasolutions.com\" target=\"_blank\">INDABA SOLUTIONS SL<\/a><\/h4>\n                                                                <div class=\"description\">Automation for catalogues and other promotional material<\/div>\n                    <\/div>\n<\/div><div class=\"stm_partner vc_custom_1516890034303 style_2\">\n            <div class=\"image\">\n            <img width=\"350\" height=\"204\" src=\"https:\/\/www.internationalhubseaportmanatee.com\/wp-content\/uploads\/2018\/01\/logo-ingenia-2-350x204.png\" class=\"attachment-consulting-image-350x204-croped\" alt=\"\" loading=\"lazy\" title=\"Logo Ingenia Hispitalaria\" \/>        <\/div>\n        <div class=\"stm_partner_content\">\n                                                                        <h4 class=\"no_stripe\"><a href=\"http:\/\/ingeniahospitalaria.com\/\" target=\"_blank\">iNGENIA USA<\/a><\/h4>\n                                                                <div class=\"description\">Engineering for hospitals and communities<\/div>\n                    <\/div>\n<\/div><div class=\"stm_partner vc_custom_1521620806382 style_2\">\n            <div class=\"image\">\n            <img width=\"300\" height=\"200\" src=\"https:\/\/www.internationalhubseaportmanatee.com\/wp-content\/uploads\/2018\/03\/Total_translations_logo_300x200.jpg\" class=\"attachment-consulting-image-350x204-croped\" alt=\"\" loading=\"lazy\" title=\"Total translations logo\" \/>        <\/div>\n        <div class=\"stm_partner_content\">\n                                                                        <h4 class=\"no_stripe\"><a href=\"https:\/\/www.totaltranslation.com\/\" target=\"_blank\">TOTAL TRANSLATION<\/a><\/h4>\n                                                                <div class=\"description\">Professional translators and interpreters certified by the American Translators Association, the national association of judiciary translators and interpreters, state and federal courts, and also an A+ accredited Business by the Better Business Bureau.<\/div>\n                    <\/div>\n<\/div><div class=\"stm_partner vc_custom_1516890110846 style_2\">\n            <div class=\"image\">\n            <img width=\"350\" height=\"195\" src=\"https:\/\/www.internationalhubseaportmanatee.com\/wp-content\/uploads\/2016\/04\/translationary-350x195.jpg\" class=\"attachment-consulting-image-350x204-croped\" alt=\"\" loading=\"lazy\" title=\"translationary\" srcset=\"https:\/\/www.internationalhubseaportmanatee.com\/wp-content\/uploads\/2016\/04\/translationary.jpg 350w, https:\/\/www.internationalhubseaportmanatee.com\/wp-content\/uploads\/2016\/04\/translationary-300x167.jpg 300w\" sizes=\"(max-width: 350px) 100vw, 350px\" \/>        <\/div>\n        <div class=\"stm_partner_content\">\n                                                                        <h4 class=\"no_stripe\"><a href=\"http:\/\/www.translationary.com\" target=\"_blank\">TRANSLATIONARY<\/a><\/h4>\n                                                                <div class=\"description\">Translate Services<\/div>\n                    <\/div>\n<\/div><\/div><\/div><\/div><\/div><\/div><\/div><\/div><div class=\"wpb_column vc_column_container vc_col-sm-3\"><div class=\"vc_column-inner\"><div class=\"wpb_wrapper\">\n<div class=\"stm_sidebar\">\n\n            <style type=\"text\/css\" scoped>\n            .vc_custom_1452056597103{margin-right: 0px !important;margin-bottom: 30px !important;margin-left: 0px !important;}.vc_custom_1452056633692{padding-top: 37px !important;padding-right: 30px !important;padding-bottom: 40px !important;padding-left: 30px !important;}.vc_custom_1451998719729{margin-bottom: 9px !important;}.vc_custom_1462299503963{margin-bottom: 17px !important;}        <\/style>\n        <div class=\"vc_row wpb_row vc_row-fluid third_bg_color vc_custom_1452056597103\"><div class=\"wpb_column vc_column_container vc_col-sm-12\"><div class=\"vc_column-inner vc_custom_1452056633692\"><div class=\"wpb_wrapper\"><div class=\"vc_custom_heading vc_custom_1451998719729 text_align_left\" ><div style=\"font-size: 16px;color: #222222;text-align: left;font-family:Poppins;font-weight:600;font-style:normal\" class=\"consulting-custom-title\">\u00bfcomo podemos ayudarte?<\/div><\/div>\n\t<div class=\"wpb_text_column wpb_content_element  vc_custom_1462299503963\" >\n\t\t<div class=\"wpb_wrapper\">\n\t\t\t<p><span style=\"font-size: 13px; line-height: 22px;\">Comun\u00edquese con nosotros en la oficina de ITH@PM m\u00e1s cercana o env\u00edenos un correo electr\u00f3nico.<\/span><\/p>\n\n\t\t<\/div>\n\t<\/div>\n<div class=\"vc_btn3-container vc_btn3-inline\" ><a class=\"vc_general vc_btn3 vc_btn3-size-sm vc_btn3-shape-rounded vc_btn3-style-flat vc_btn3-icon-left vc_btn3-color-white\" href=\"http:\/\/www.internationalhubportmanatee.com\/contact-us\/\" title=\"\"><i class=\"vc_btn3-icon fa fa-phone-square\"><\/i> Cont\u00e1ctenos<\/a><\/div><\/div><\/div><\/div><\/div><div class=\"vc_row wpb_row vc_row-fluid\"><div class=\"wpb_column vc_column_container vc_col-sm-12\"><div class=\"vc_column-inner\"><div class=\"wpb_wrapper\">\n\n            <div class=\"stm_testimonials cols_1 style_1\">\n                            <div class=\"item\">\n                    <div class=\"testimonial\"><p>The International Trade Hub at SeaPort Manatee is focused on providing an incubator or a soft landing space for companies looking to enter the U.S. market. These are companies that otherwise would look in other areas of the country.<\/p>\n<\/div>\n                    <div class=\"testimonial-info clearfix\">\n                        <div class=\"testimonial-image\"><img width=\"50\" height=\"50\" src=\"https:\/\/www.internationalhubseaportmanatee.com\/wp-content\/uploads\/2016\/01\/Carlos-B.-50x50.jpg\" class=\"attachment-consulting-image-50x50-croped size-consulting-image-50x50-croped wp-post-image\" alt=\"\" loading=\"lazy\" srcset=\"https:\/\/www.internationalhubseaportmanatee.com\/wp-content\/uploads\/2016\/01\/Carlos-B.-50x50.jpg 50w, https:\/\/www.internationalhubseaportmanatee.com\/wp-content\/uploads\/2016\/01\/Carlos-B.-150x150.jpg 150w\" sizes=\"(max-width: 50px) 100vw, 50px\" \/><\/div>\n                        <div class=\"testimonial-text\">\n                            <div class=\"name\">Carlos Buqueras<\/div>\n                            <div class=\"company\">\n                                CEO, SeaPort Manatee                            <\/div>\n                        <\/div>\n                    <\/div>\n                <\/div>\n                    <\/div>\n    \n<\/div><\/div><\/div><\/div>\n    \n<\/div><\/div><\/div><\/div><\/div><div data-vc-full-width=\"true\" data-vc-full-width-init=\"false\" class=\"vc_row wpb_row vc_row-fluid third_bg_color vc_custom_1451889219674\"><div class=\"wpb_column vc_column_container vc_col-sm-12\"><div class=\"vc_column-inner\"><div class=\"wpb_wrapper\">\n<section class=\"vc_cta3-container\" >\n    <div class=\"vc_general vc_cta3 third_bg_color vc_cta3-style-flat vc_cta3-shape-square vc_cta3-align-left vc_cta3-color-classic vc_cta3-icon-size-md vc_cta3-actions-right vc_custom_1536791156377 style=\"\"\">\n                        <div class=\"vc_cta3_content-container\">\n                                    <div class=\"vc_cta3-content\">\n                <header class=\"vc_cta3-content-header\">\n                    <div class=\"vc_custom_heading\" ><h2 style=\"font-size: 20px;color: #000000;line-height: 24px\" class=\"consulting-custom-title\">\u00bfBusca un Centro Internacional de Primera Clase?<\/h2><\/div>                                    <\/header>\n                            <\/div>\n                        <div class=\"vc_cta3-actions\"><div class=\"vc_btn3-container vc_btn3-right\" ><a class=\"vc_general vc_btn3 vc_btn3-size-md vc_btn3-shape-rounded vc_btn3-style-flat vc_btn3-block vc_btn3-icon-right vc_btn3-color-theme_style_2\" href=\"http:\/\/www.internationalhubportmanatee.com\/contact-us\/\" title=\"\">M\u00e1s informaci\u00f3n  <i class=\"vc_btn3-icon fa fa-chevron-right\"><\/i><\/a><\/div><\/div>        <\/div>\n                    <\/div>\n<\/section><\/div><\/div><\/div><\/div><div class=\"vc_row-full-width vc_clearfix\"><\/div>","protected":false},"excerpt":{"rendered":"<p>[vc_row css=\".vc_custom_1451991003825{margin-bottom: 100px !important;}\"][vc_column width=\"3\/4\"][vc_row_inner css=\".vc_custom_1452152300724{margin-bottom: 46px !important;}\"][vc_column_inner][stm_partner style=\"style_2\" title=\"PORT MANATEE\" logo=\"1212\" link=\"url:http%3A%2F%2Fwww.portmanatee.com||target:%20_blank|\" css=\".vc_custom_1573240717061{margin-bottom: 50px !important;}\" description=\"One of Florida's largest and fastest-growing deepwater seaports and a gateway to international markets and the creator of the International Trade Hub at SeaSeaPort Manatee.\"][stm_partner style=\"style_2\" title=\"MANATEE COUNTY\" logo=\"1211\" link=\"url:http%3A%2F%2Fwww.mymanatee.org||target:%20_blank|\" css=\".vc_custom_1516890169729{margin-bottom: 50px !important;}\" description=\"Manatee County encourages business growth, good jobs and community prosperity\"][stm_partner style=\"style_2\" title=\" Asopyme \" logo=\"3310\" link=\"url:http%3A%2F%2Fwww.asopyme.org.ar%2F||target:%20_blank|\" css=\".vc_custom_1573240577698{margin-bottom: 50px !important;}\" description=\"Association for Small and Medium Enterprises (ASOPYME) is an intersectoral professional organization founded in the province of Santa Fe, Argentina in 2005 for the defense, representation, and promotion of the interests of small and medium enterprises in the Argentine Republic. We work jointly with public and private institutions; prestigious national and foreign entities, and state agencies in all their scopes (national, provincial and municipal).\" position=\"The HUB's International Office partner\"][stm_partner style=\"style_2\" title=\"Manatee Operator \" logo=\"2799\" link=\"url:http%3A%2F%2Fmanateeoperator.com%2F||target:%20_blank|\" css=\".vc_custom_1548710324775{margin-bottom: 50px !important;}\" description=\"Manatee Operator \"][stm_partner style=\"style_2\" title=\"ANZELLINI TEAM\" logo=\"1217\" link=\"url:http%3A%2F%2Fwww.yourglobalconnection.net||target:%20_blank|\" css=\".vc_custom_1516890157283{margin-bottom: 50px !important;}\" description=\"Sarasota &amp; Florida Mid and West Coast Real Estate\"][stm_partner style=\"style_2\" title=\"BROSA\" logo=\"1216\" link=\"url:http%3A%2F%2Fwww.brosa.es||target:%20_blank|\" css=\".vc_custom_1516890328645{margin-top: 50px !important;margin-bottom: 50px !important;}\" description=\"Economist &amp; Law Firm\"][stm_partner style=\"style_2\" title=\"CADENCE BANK\" logo=\"2146\" link=\"url:https%3A%2F%2Fcadencebank.com%2F%20||target:%20_blank|\" css=\".vc_custom_1521564763985{margin-bottom: 50px !important;}\" description=\"Cadence Bank was designed for those who demand banking that's dramatically better than what they\u2019ve experienced in the past. Their mission is to deliver a better banking experience for every client.\"][stm_partner style=\"style_2\" title=\"FLORIDA INSTITUTE OF MANAGEMENT\" link=\"url:http%3A%2F%2Fwww.floridainstituteofmanagement.net%2Fhome.html||target:%20_blank|\" css=\".vc_custom_1521565210178{margin-bottom: 50px !important;}\" logo=\"2147\" description=\"Florida Institute of Management was designed with the new trends in learning for the 21 Century in mind, catering to the top executive management and leadership responding to their needs with excellence in our training and development programs.\"][stm_partner style=\"style_2\" title=\"GM&amp;L\" logo=\"1218\" link=\"url:http%3A%2F%2Fgmlnewmarkets.com%2F||target:%20_blank|\" css=\".vc_custom_1573242429382{margin-bottom: 50px !important;}\" description=\"Strategic consultancy for new markets\"][stm_partner style=\"style_2\" title=\"INDABA SOLUTIONS SL\" logo=\"1128\" link=\"url:http%3A%2F%2Fwww.indabasolutions.com||target:%20_blank|\" css=\".vc_custom_1516890187910{margin-bottom: 50px !important;}\" description=\"Automation for catalogues and other promotional material\"][stm_partner style=\"style_2\" title=\"iNGENIA USA\" logo=\"1988\" link=\"url:http%3A%2F%2Fingeniahospitalaria.com%2F||target:%20_blank|\" css=\".vc_custom_1516890034303{margin-bottom: 50px !important;}\" description=\"Engineering for hospitals and communities\"][stm_partner style=\"style_2\" title=\"TOTAL TRANSLATION\" link=\"url:https%3A%2F%2Fwww.totaltranslation.com%2F||target:%20_blank|\" css=\".vc_custom_1521620806382{margin-bottom: 50px !important;}\" description=\"Professional translators and interpreters certified by the American Translators Association, the national association of judiciary translators and interpreters, state and federal courts, and also an A+ accredited Business by the Better Business Bureau.\" logo=\"2151\"][stm_partner style=\"style_2\" title=\"TRANSLATIONARY\" logo=\"1387\" link=\"url:http%3A%2F%2Fwww.translationary.com||target:%20_blank|\" css=\".vc_custom_1516890110846{margin-bottom: 50px !important;}\" description=\"Translate Services\"][\/vc_column_inner][\/vc_row_inner][\/vc_column][vc_column width=\"1\/4\"][stm_sidebar sidebar=\"311\"][\/vc_column][\/vc_row][vc_row full_width=\"stretch_row\" el_class=\"third_bg_color\" css=\".vc_custom_1451889219674{margin-bottom: -60px !important;}\"][vc_column][vc_cta h2=\"Looking for a First-Class International Hub?\" h2_font_container=\"font_size:20px|color:%23000000|line_height:24px\" h2_use_theme_fonts=\"yes\" shape=\"square\" style=\"flat\" add_button=\"right\" btn_title=\"More Information \" btn_style=\"flat\" btn_color=\"theme_style_2\" btn_align=\"right\" btn_i_align=\"right\" btn_i_icon_fontawesome=\"fa fa-chevron-right\" use_custom_fonts_h2=\"true\" btn_button_block=\"true\" btn_add_icon=\"true\" el_class=\"third_bg_color\" css=\".vc_custom_1536791156377{margin-bottom: 0px !important;}\" btn_link=\"url:http%3A%2F%2Fwww.internationalhubportmanatee.com%2Fcontact-us%2F||\"][\/vc_cta][\/vc_column][\/vc_row]<\/p>\n","protected":false},"author":1,"featured_media":0,"parent":0,"menu_order":0,"comment_status":"closed","ping_status":"closed","template":"","meta":{"_mi_skip_tracking":false},"_links":{"self":[{"href":"https:\/\/www.internationalhubseaportmanatee.com\/es\/wp-json\/wp\/v2\/pages\/390"}],"collection":[{"href":"https:\/\/www.internationalhubseaportmanatee.com\/es\/wp-json\/wp\/v2\/pages"}],"about":[{"href":"https:\/\/www.internationalhubseaportmanatee.com\/es\/wp-json\/wp\/v2\/types\/page"}],"author":[{"embeddable":true,"href":"https:\/\/www.internationalhubseaportmanatee.com\/es\/wp-json\/wp\/v2\/users\/1"}],"replies":[{"embeddable":true,"href":"https:\/\/www.internationalhubseaportmanatee.com\/es\/wp-json\/wp\/v2\/comments?post=390"}],"version-history":[{"count":39,"href":"https:\/\/www.internationalhubseaportmanatee.com\/es\/wp-json\/wp\/v2\/pages\/390\/revisions"}],"predecessor-version":[{"id":3365,"href":"https:\/\/www.internationalhubseaportmanatee.com\/es\/wp-json\/wp\/v2\/pages\/390\/revisions\/3365"}],"wp:attachment":[{"href":"https:\/\/www.internationalhubseaportmanatee.com\/es\/wp-json\/wp\/v2\/media?parent=390"}],"curies":[{"name":"wp","href":"https:\/\/api.w.org\/{rel}","templated":true}]}}