{"id":344,"date":"2016-01-06T11:31:27","date_gmt":"2016-01-06T11:31:27","guid":{"rendered":"http:\/\/consulting.stylemixthemes.com\/demo\/?page_id=344"},"modified":"2022-07-05T12:08:25","modified_gmt":"2022-07-05T17:08:25","slug":"why-south-west-florida","status":"publish","type":"page","link":"https:\/\/www.internationalhubseaportmanatee.com\/es\/why-south-west-florida\/","title":{"rendered":"Why South-West Florida"},"content":{"rendered":"<div class=\"vc_row wpb_row vc_row-fluid vc_custom_1451991003825\"><div class=\"wpb_column vc_column_container vc_col-sm-9\"><div class=\"vc_column-inner\"><div class=\"wpb_wrapper\">\n\t<div class=\"wpb_text_column wpb_content_element  vc_custom_1657040786540\" >\n\t\t<div class=\"wpb_wrapper\">\n\t\t\t<h2>Why South-West Florida<\/h2>\n<h4>Manatee, Sarasota, Charlotte, and Lee Counties<\/h4>\n<p>At the International Trade Hub, we serve a variety of international business sectors by helping companies to do business, whether outbound or inbound.<\/p>\n<p>As a pro-business state, Florida offers a profuse amount of incentives; a celebrated business tax climate, extensive multi-modal infrastructure systems, featuring international airports, 15 deep-water seaports, extensive highway and rail networks and two major spaceports.<\/p>\n\n\t\t<\/div>\n\t<\/div>\n<div class=\"vc_row wpb_row vc_inner vc_row-fluid vc_custom_1455886085190\"><div class=\"wpb_column vc_column_container vc_col-sm-6\"><div class=\"vc_column-inner\"><div class=\"wpb_wrapper\">\n\n\n            <div onclick=\"return true\" class=\"icon_box  hexagon hexanog_animation style_1 icon_left clearfix\">\n                <div class=\"icon  font-color_default font-color_base_bg\" style=\"width:78px\">\n            <i style=\"font-size:30px;  \"\n               class=\"stm-nokia\"><\/i><\/div>\n        <div class=\"icon_text\">\n                    <h5  class=\"font-color_base no_stripe\">Business Incentives <\/h5>\n                <ul style=\"list-style-type: circle;\">\n<li>Qualified Target Industry Tax Refund<\/li>\n<li>Capital Investment Tax Credit<\/li>\n<li>Special Incentives<\/li>\n<li>A Workforce Training Incentive, the Quick Response Training Program (QRT)<\/li>\n<li>High Impact Performance Incentive<\/li>\n<li>Quick Response Training<\/li>\n<li>Incumbent Worker Training Program<\/li>\n<\/ul>\n    <\/div>\n            <\/div>\n    \n<\/div><\/div><\/div><div class=\"wpb_column vc_column_container vc_col-sm-6\"><div class=\"vc_column-inner\"><div class=\"wpb_wrapper\">\n\n\n            <div onclick=\"return true\" class=\"icon_box  hexagon hexanog_animation style_1 icon_left clearfix\">\n                <div class=\"icon  font-color_default font-color_base_bg\" style=\"width:78px\">\n            <i style=\"font-size:23px;  \"\n               class=\"fas fa-globe-americas\"><\/i><\/div>\n        <div class=\"icon_text\">\n                    <h5  class=\"font-color_base no_stripe\">Global Reach<\/h5>\n                <p>As an unmatched state in diversity, strong cultural and trade connections with Latin America; Florida&#8217;s global reach brings truth to the idea of being the global hub for business in the United States of America.<\/p>\n    <\/div>\n            <\/div>\n    \n<\/div><\/div><\/div><\/div><div class=\"vc_row wpb_row vc_inner vc_row-fluid vc_custom_1455886085190\"><div class=\"wpb_column vc_column_container vc_col-sm-6\"><div class=\"vc_column-inner\"><div class=\"wpb_wrapper\">\n\n\n            <div onclick=\"return true\" class=\"icon_box  hexagon hexanog_animation style_1 icon_left clearfix\">\n                <div class=\"icon  font-color_default font-color_base_bg\" style=\"width:78px\">\n            <i style=\"font-size:30px;  \"\n               class=\"fas fa-users\"><\/i><\/div>\n        <div class=\"icon_text\">\n                    <h5  class=\"font-color_base no_stripe\">Workforce<\/h5>\n                <p>Florida offers a large and talented pool of workers to employers. Thanks to a favorable tax structure and lower business, labor cost in Florida is lower than in some of our neighboring states. As a global hub for business, Florida\u2019s professionals are more culturally and linguistically diverse, providing a cutting-edge advantage to employers in the global marketplace.<\/p>\n<p>CareerSource Florida, the state\u2019s innovative partnership for workforce training, provides programs such as Quick Response Training and Incumbent Worker Training to help existing and new companies recruit, train and maintain cutting-edge skills and keep pace with new technologies.<\/p>\n    <\/div>\n            <\/div>\n    \n<\/div><\/div><\/div><div class=\"wpb_column vc_column_container vc_col-sm-6\"><div class=\"vc_column-inner\"><div class=\"wpb_wrapper\">\n\n\n            <div onclick=\"return true\" class=\"icon_box  hexagon hexanog_animation style_1 icon_left clearfix\">\n                <div class=\"icon  font-color_default font-color_base_bg\" style=\"width:78px\">\n            <i style=\"font-size:23px;  \"\n               class=\"far fa-building\"><\/i><\/div>\n        <div class=\"icon_text\">\n                    <h5  class=\"font-color_base no_stripe\">Multinational Businesses<\/h5>\n                <p>Florida includes multinational businesses that take advantage of the state\u2019s unique position as a gateway to Latin America. Add to that a highly skilled workforce and favorable tax laws, and it becomes clear why Florida is a top pick for foreign enterprises looking to create a presence in the U.S.<\/p>\n    <\/div>\n            <\/div>\n    \n<\/div><\/div><\/div><\/div><\/div><\/div><\/div><div class=\"wpb_column vc_column_container vc_col-sm-3\"><div class=\"vc_column-inner\"><div class=\"wpb_wrapper\">\n<div class=\"stm_sidebar\">\n\n            <style type=\"text\/css\" scoped>\n            .vc_custom_1452056597103{margin-right: 0px !important;margin-bottom: 30px !important;margin-left: 0px !important;}.vc_custom_1452056633692{padding-top: 37px !important;padding-right: 30px !important;padding-bottom: 40px !important;padding-left: 30px !important;}.vc_custom_1451998719729{margin-bottom: 9px !important;}.vc_custom_1462299503963{margin-bottom: 17px !important;}        <\/style>\n        <div class=\"vc_row wpb_row vc_row-fluid third_bg_color vc_custom_1452056597103\"><div class=\"wpb_column vc_column_container vc_col-sm-12\"><div class=\"vc_column-inner vc_custom_1452056633692\"><div class=\"wpb_wrapper\"><div class=\"vc_custom_heading vc_custom_1451998719729 text_align_left\" ><div style=\"font-size: 16px;color: #222222;text-align: left;font-family:Poppins;font-weight:600;font-style:normal\" class=\"consulting-custom-title\">\u00bfcomo podemos ayudarte?<\/div><\/div>\n\t<div class=\"wpb_text_column wpb_content_element  vc_custom_1462299503963\" >\n\t\t<div class=\"wpb_wrapper\">\n\t\t\t<p><span style=\"font-size: 13px; line-height: 22px;\">Comun\u00edquese con nosotros en la oficina de ITH@PM m\u00e1s cercana o env\u00edenos un correo electr\u00f3nico.<\/span><\/p>\n\n\t\t<\/div>\n\t<\/div>\n<div class=\"vc_btn3-container vc_btn3-inline\" ><a class=\"vc_general vc_btn3 vc_btn3-size-sm vc_btn3-shape-rounded vc_btn3-style-flat vc_btn3-icon-left vc_btn3-color-white\" href=\"http:\/\/www.internationalhubportmanatee.com\/contact-us\/\" title=\"\"><i class=\"vc_btn3-icon fa fa-phone-square\"><\/i> Cont\u00e1ctenos<\/a><\/div><\/div><\/div><\/div><\/div><div class=\"vc_row wpb_row vc_row-fluid\"><div class=\"wpb_column vc_column_container vc_col-sm-12\"><div class=\"vc_column-inner\"><div class=\"wpb_wrapper\">\n\n            <div class=\"stm_testimonials cols_1 style_1\">\n                            <div class=\"item\">\n                    <div class=\"testimonial\"><p>The International Trade Hub at SeaPort Manatee is focused on providing an incubator or a soft landing space for companies looking to enter the U.S. market. These are companies that otherwise would look in other areas of the country.<\/p>\n<\/div>\n                    <div class=\"testimonial-info clearfix\">\n                        <div class=\"testimonial-image\"><img width=\"50\" height=\"50\" src=\"https:\/\/www.internationalhubseaportmanatee.com\/wp-content\/uploads\/2016\/01\/Carlos-B.-50x50.jpg\" class=\"attachment-consulting-image-50x50-croped size-consulting-image-50x50-croped wp-post-image\" alt=\"\" loading=\"lazy\" srcset=\"https:\/\/www.internationalhubseaportmanatee.com\/wp-content\/uploads\/2016\/01\/Carlos-B.-50x50.jpg 50w, https:\/\/www.internationalhubseaportmanatee.com\/wp-content\/uploads\/2016\/01\/Carlos-B.-150x150.jpg 150w\" sizes=\"(max-width: 50px) 100vw, 50px\" \/><\/div>\n                        <div class=\"testimonial-text\">\n                            <div class=\"name\">Carlos Buqueras<\/div>\n                            <div class=\"company\">\n                                CEO, SeaPort Manatee                            <\/div>\n                        <\/div>\n                    <\/div>\n                <\/div>\n                    <\/div>\n    \n<\/div><\/div><\/div><\/div>\n    \n<\/div><\/div><\/div><\/div><\/div><div data-vc-full-width=\"true\" data-vc-full-width-init=\"false\" class=\"vc_row wpb_row vc_row-fluid third_bg_color vc_custom_1451889219674\"><div class=\"wpb_column vc_column_container vc_col-sm-12\"><div class=\"vc_column-inner\"><div class=\"wpb_wrapper\">\n<section class=\"vc_cta3-container\" >\n    <div class=\"vc_general vc_cta3 third_bg_color vc_cta3-style-flat vc_cta3-shape-square vc_cta3-align-left vc_cta3-color-classic vc_cta3-icon-size-md vc_cta3-actions-right vc_custom_1536791111598 style=\"\"\">\n                        <div class=\"vc_cta3_content-container\">\n                                    <div class=\"vc_cta3-content\">\n                <header class=\"vc_cta3-content-header\">\n                    <div class=\"vc_custom_heading\" ><h2 style=\"font-size: 20px;color: #000000;line-height: 24px\" class=\"consulting-custom-title\">\u00bfBusca un Centro Internacional de Primera Clase?<\/h2><\/div>                                    <\/header>\n                            <\/div>\n                        <div class=\"vc_cta3-actions\"><div class=\"vc_btn3-container vc_btn3-right\" ><a class=\"vc_general vc_btn3 vc_btn3-size-md vc_btn3-shape-rounded vc_btn3-style-flat vc_btn3-block vc_btn3-icon-right vc_btn3-color-theme_style_2\" href=\"http:\/\/www.internationalhubportmanatee.com\/contact-us\/\" title=\"\">M\u00e1s informaci\u00f3n <i class=\"vc_btn3-icon fa fa-chevron-right\"><\/i><\/a><\/div><\/div>        <\/div>\n                    <\/div>\n<\/section><\/div><\/div><\/div><\/div><div class=\"vc_row-full-width vc_clearfix\"><\/div>","protected":false},"excerpt":{"rendered":"<p>[vc_row css=\".vc_custom_1451991003825{margin-bottom: 100px !important;}\"][vc_column width=\"3\/4\"][vc_column_text css=\".vc_custom_1657040786540{margin-top: 45px !important;}\"]<\/p>\n<h2>Why South-West Florida<\/h2>\n<h4>Manatee, Sarasota, Charlotte, and Lee Counties<\/h4>\n<p>At the International Trade Hub, we serve a variety of international business sectors by helping companies to do business, whether outbound or inbound.<\/p>\n<p>As a pro-business state, Florida offers a profuse amount of incentives; a celebrated business tax climate, extensive multi-modal infrastructure systems, featuring international airports, 15 deep-water seaports, extensive highway and rail networks and two major spaceports.<\/p>\n<p>[\/vc_column_text][vc_row_inner css=\".vc_custom_1455886085190{margin-bottom: 10px !important;}\"][vc_column_inner width=\"1\/2\"][stm_icon_box hide_title_line=\"hide_title_line\" enable_hexagon=\"enable\" enable_hexagon_animation=\"enable\" icon=\"stm-nokia\" style=\"icon_left\" icon_size=\"30\" icon_width=\"78\" title=\"Business Incentives \"]<\/p>\n<ul style=\"list-style-type: circle;\">\n<li>Qualified Target Industry Tax Refund<\/li>\n<li>Capital Investment Tax Credit<\/li>\n<li>Special Incentives<\/li>\n<li>A Workforce Training Incentive, the Quick Response Training Program (QRT)<\/li>\n<li>High Impact Performance Incentive<\/li>\n<li>Quick Response Training<\/li>\n<li>Incumbent Worker Training Program<\/li>\n<\/ul>\n<p>[\/stm_icon_box][\/vc_column_inner][vc_column_inner width=\"1\/2\"][stm_icon_box hide_title_line=\"hide_title_line\" enable_hexagon=\"enable\" enable_hexagon_animation=\"enable\" icon=\"fas fa-globe-americas\" style=\"icon_left\" icon_size=\"23\" icon_width=\"78\" title=\"Global Reach\"]As an unmatched state in diversity, strong cultural and trade connections with Latin America; Florida&#8217;s global reach brings truth to the idea of being the global hub for business in the United States of America.[\/stm_icon_box][\/vc_column_inner][\/vc_row_inner][vc_row_inner css=\".vc_custom_1455886085190{margin-bottom: 10px !important;}\"][vc_column_inner width=\"1\/2\"][stm_icon_box hide_title_line=\"hide_title_line\" enable_hexagon=\"enable\" enable_hexagon_animation=\"enable\" icon=\"fas fa-users\" style=\"icon_left\" icon_size=\"30\" icon_width=\"78\" title=\"Workforce\"]Florida offers a large and talented pool of workers to employers. Thanks to a favorable tax structure and lower business, labor cost in Florida is lower than in some of our neighboring states. As a global hub for business, Florida\u2019s professionals are more culturally and linguistically diverse, providing a cutting-edge advantage to employers in the global marketplace.<\/p>\n<p>CareerSource Florida, the state\u2019s innovative partnership for workforce training, provides programs such as Quick Response Training and Incumbent Worker Training to help existing and new companies recruit, train and maintain cutting-edge skills and keep pace with new technologies.[\/stm_icon_box][\/vc_column_inner][vc_column_inner width=\"1\/2\"][stm_icon_box hide_title_line=\"hide_title_line\" enable_hexagon=\"enable\" enable_hexagon_animation=\"enable\" icon=\"far fa-building\" style=\"icon_left\" icon_size=\"23\" icon_width=\"78\" title=\"Multinational Businesses\"]Florida includes multinational businesses that take advantage of the state\u2019s unique position as a gateway to Latin America. Add to that a highly skilled workforce and favorable tax laws, and it becomes clear why Florida is a top pick for foreign enterprises looking to create a presence in the U.S.[\/stm_icon_box][\/vc_column_inner][\/vc_row_inner][\/vc_column][vc_column width=\"1\/4\"][stm_sidebar sidebar=\"311\"][\/vc_column][\/vc_row][vc_row full_width=\"stretch_row\" el_class=\"third_bg_color\" css=\".vc_custom_1451889219674{margin-bottom: -60px !important;}\"][vc_column][vc_cta h2=\"Looking for a First-Class International Hub?\" h2_font_container=\"font_size:20px|color:%23000000|line_height:24px\" h2_use_theme_fonts=\"yes\" shape=\"square\" style=\"flat\" add_button=\"right\" btn_title=\"More Information\" btn_style=\"flat\" btn_color=\"theme_style_2\" btn_align=\"right\" btn_i_align=\"right\" btn_i_icon_fontawesome=\"fa fa-chevron-right\" use_custom_fonts_h2=\"true\" btn_button_block=\"true\" btn_add_icon=\"true\" el_class=\"third_bg_color\" css=\".vc_custom_1536791111598{margin-bottom: 0px !important;}\" btn_link=\"url:http%3A%2F%2Fwww.internationalhubportmanatee.com%2Fcontact-us%2F||\"][\/vc_cta][\/vc_column][\/vc_row]<\/p>\n","protected":false},"author":1,"featured_media":0,"parent":0,"menu_order":0,"comment_status":"closed","ping_status":"closed","template":"","meta":{"_mi_skip_tracking":false},"_links":{"self":[{"href":"https:\/\/www.internationalhubseaportmanatee.com\/es\/wp-json\/wp\/v2\/pages\/344"}],"collection":[{"href":"https:\/\/www.internationalhubseaportmanatee.com\/es\/wp-json\/wp\/v2\/pages"}],"about":[{"href":"https:\/\/www.internationalhubseaportmanatee.com\/es\/wp-json\/wp\/v2\/types\/page"}],"author":[{"embeddable":true,"href":"https:\/\/www.internationalhubseaportmanatee.com\/es\/wp-json\/wp\/v2\/users\/1"}],"replies":[{"embeddable":true,"href":"https:\/\/www.internationalhubseaportmanatee.com\/es\/wp-json\/wp\/v2\/comments?post=344"}],"version-history":[{"count":20,"href":"https:\/\/www.internationalhubseaportmanatee.com\/es\/wp-json\/wp\/v2\/pages\/344\/revisions"}],"predecessor-version":[{"id":3603,"href":"https:\/\/www.internationalhubseaportmanatee.com\/es\/wp-json\/wp\/v2\/pages\/344\/revisions\/3603"}],"wp:attachment":[{"href":"https:\/\/www.internationalhubseaportmanatee.com\/es\/wp-json\/wp\/v2\/media?parent=344"}],"curies":[{"name":"wp","href":"https:\/\/api.w.org\/{rel}","templated":true}]}}